{"id":363,"date":"2013-07-03T14:15:50","date_gmt":"2013-07-03T14:15:50","guid":{"rendered":"https:\/\/elscodols.com\/?page_id=363"},"modified":"2013-07-23T10:23:53","modified_gmt":"2013-07-23T10:23:53","slug":"inicio","status":"publish","type":"page","link":"https:\/\/elscodols.com\/es\/","title":{"rendered":"Inicio"},"content":{"rendered":"<div class=\"builder-title-wrapper clearfix\">\n<h3>Els C\u00f2dols<\/h3>\n<\/div>\n<p>En Els C\u00f2dols, encontrar\u00e9is varias casas de campo para alquilar durante todo el a\u00f1o. Estas mas\u00edas se caracterizan por estar construidas con piedras de r\u00edo, que reciben el nombre de \u201cc\u00f2dols\u201d (en catal\u00e1n): fragmentos de roca dura, de dimensiones variables, alisadas y redondeadas por la acci\u00f3n del agua y de la rodadura.<\/p>\n<p>Hemos restaurado las mas\u00edas, manteniendo la estructura y el esp\u00edritu original que utilizaron nuestros antepasados, y al mismo tiempo hemos adecuado las casas con todas las comodidades para la vida moderna.<\/p>\n<p>Podr\u00e9is disfrutar de la paz y la tranquilidad que le proporciona el contacto con la naturaleza.<br \/>\n<a href=\"https:\/\/elscodols.com\/es\/casas\/\" title=\"alquiler de mas\u00edas\" target=\"_blank\">alquiler de mas\u00edas<\/a><\/p>\n","protected":false},"excerpt":{"rendered":"<p>Els C\u00f2dols En Els C\u00f2dols, encontrar\u00e9is varias casas de campo para alquilar durante todo el a\u00f1o. Estas mas\u00edas se caracterizan por estar construidas con piedras de r\u00edo, que reciben el nombre de \u201cc\u00f2dols\u201d (en catal\u00e1n): fragmentos de roca dura, de dimensiones variables, alisadas y redondeadas por la acci\u00f3n del agua y de la rodadura. Hemos restaurado las mas\u00edas, manteniendo la estructura y el esp\u00edritu original que utilizaron nuestros antepasados, y&#8230;<\/p>\n","protected":false},"author":1,"featured_media":0,"parent":0,"menu_order":0,"comment_status":"closed","ping_status":"closed","template":"","meta":[],"yoast_head":"<!-- This site is optimized with the Yoast SEO plugin v15.4 - https:\/\/yoast.com\/wordpress\/plugins\/seo\/ -->\n<title>Els C\u00f2dols -Alquiler de mas\u00edas<\/title>\n<meta name=\"description\" content=\"Empresa familiar dedicada al alquiler de mas\u00edas.n Els C\u00f2dols, encontrar\u00e9is varias casas de campo para alquilar durante todo el a\u00f1o. Alquiler de casas\" \/>\n<meta name=\"robots\" content=\"index, follow, max-snippet:-1, max-image-preview:large, max-video-preview:-1\" \/>\n<link rel=\"canonical\" href=\"https:\/\/elscodols.com\/es\/\" \/>\n<meta property=\"og:locale\" content=\"es_ES\" \/>\n<meta property=\"og:type\" content=\"article\" \/>\n<meta property=\"og:title\" content=\"Els C\u00f2dols -Alquiler de mas\u00edas\" \/>\n<meta property=\"og:description\" content=\"Empresa familiar dedicada al alquiler de mas\u00edas.n Els C\u00f2dols, encontrar\u00e9is varias casas de campo para alquilar durante todo el a\u00f1o. Alquiler de casas\" \/>\n<meta property=\"og:url\" content=\"https:\/\/elscodols.com\/es\/\" \/>\n<meta property=\"og:site_name\" content=\"Els C\u00f2dols\" \/>\n<meta property=\"article:modified_time\" content=\"2013-07-23T10:23:53+00:00\" \/>\n<meta name=\"twitter:label1\" content=\"Escrito por\">\n\t<meta name=\"twitter:data1\" content=\"@admin-codols\">\n\t<meta name=\"twitter:label2\" content=\"Tiempo de lectura\">\n\t<meta name=\"twitter:data2\" content=\"0 minutos\">\n<script type=\"application\/ld+json\" class=\"yoast-schema-graph\">{\"@context\":\"https:\/\/schema.org\",\"@graph\":[{\"@type\":\"WebSite\",\"@id\":\"https:\/\/elscodols.com\/#website\",\"url\":\"https:\/\/elscodols.com\/\",\"name\":\"Els C\\u00f2dols\",\"description\":\"Masies de lloguer - Costa brava - Comarca La selva\",\"potentialAction\":[{\"@type\":\"SearchAction\",\"target\":\"https:\/\/elscodols.com\/?s={search_term_string}\",\"query-input\":\"required name=search_term_string\"}],\"inLanguage\":\"es\"},{\"@type\":\"WebPage\",\"@id\":\"https:\/\/elscodols.com\/es\/#webpage\",\"url\":\"https:\/\/elscodols.com\/es\/\",\"name\":\"Els C\\u00f2dols -Alquiler de mas\\u00edas\",\"isPartOf\":{\"@id\":\"https:\/\/elscodols.com\/#website\"},\"datePublished\":\"2013-07-03T14:15:50+00:00\",\"dateModified\":\"2013-07-23T10:23:53+00:00\",\"description\":\"Empresa familiar dedicada al alquiler de mas\\u00edas.n Els C\\u00f2dols, encontrar\\u00e9is varias casas de campo para alquilar durante todo el a\\u00f1o. Alquiler de casas\",\"inLanguage\":\"es\",\"potentialAction\":[{\"@type\":\"ReadAction\",\"target\":[\"https:\/\/elscodols.com\/es\/\"]}]}]}<\/script>\n<!-- \/ Yoast SEO plugin. -->","_links":{"self":[{"href":"https:\/\/elscodols.com\/es\/wp-json\/wp\/v2\/pages\/363"}],"collection":[{"href":"https:\/\/elscodols.com\/es\/wp-json\/wp\/v2\/pages"}],"about":[{"href":"https:\/\/elscodols.com\/es\/wp-json\/wp\/v2\/types\/page"}],"author":[{"embeddable":true,"href":"https:\/\/elscodols.com\/es\/wp-json\/wp\/v2\/users\/1"}],"replies":[{"embeddable":true,"href":"https:\/\/elscodols.com\/es\/wp-json\/wp\/v2\/comments?post=363"}],"version-history":[{"count":9,"href":"https:\/\/elscodols.com\/es\/wp-json\/wp\/v2\/pages\/363\/revisions"}],"predecessor-version":[{"id":1252,"href":"https:\/\/elscodols.com\/es\/wp-json\/wp\/v2\/pages\/363\/revisions\/1252"}],"wp:attachment":[{"href":"https:\/\/elscodols.com\/es\/wp-json\/wp\/v2\/media?parent=363"}],"curies":[{"name":"wp","href":"https:\/\/api.w.org\/{rel}","templated":true}]}}