{"id":403,"date":"2013-07-03T15:06:47","date_gmt":"2013-07-03T15:06:47","guid":{"rendered":"https:\/\/elscodols.com\/?page_id=403"},"modified":"2013-07-23T10:30:46","modified_gmt":"2013-07-23T10:30:46","slug":"quienes-somos","status":"publish","type":"page","link":"https:\/\/elscodols.com\/es\/quienes-somos\/","title":{"rendered":"quienes somos"},"content":{"rendered":"","protected":false},"excerpt":{"rendered":"","protected":false},"author":1,"featured_media":0,"parent":0,"menu_order":0,"comment_status":"open","ping_status":"open","template":"","meta":[],"yoast_head":"<!-- This site is optimized with the Yoast SEO plugin v15.4 - https:\/\/yoast.com\/wordpress\/plugins\/seo\/ -->\n<title>Els C\u00f2dols -Empresa dedicada al alquiler de mas\u00edas<\/title>\n<meta name=\"description\" content=\"Somos una empresa familiar dedicada al alquiler de mas\u00edas. Nuestra actividad se inici\u00f3 en el a\u00f1o 1985\" \/>\n<meta name=\"robots\" content=\"index, follow, max-snippet:-1, max-image-preview:large, max-video-preview:-1\" \/>\n<link rel=\"canonical\" href=\"https:\/\/elscodols.com\/es\/quienes-somos\/\" \/>\n<meta property=\"og:locale\" content=\"es_ES\" \/>\n<meta property=\"og:type\" content=\"article\" \/>\n<meta property=\"og:title\" content=\"Els C\u00f2dols -Empresa dedicada al alquiler de mas\u00edas\" \/>\n<meta property=\"og:description\" content=\"Somos una empresa familiar dedicada al alquiler de mas\u00edas. Nuestra actividad se inici\u00f3 en el a\u00f1o 1985\" \/>\n<meta property=\"og:url\" content=\"https:\/\/elscodols.com\/es\/quienes-somos\/\" \/>\n<meta property=\"og:site_name\" content=\"Els C\u00f2dols\" \/>\n<meta property=\"article:modified_time\" content=\"2013-07-23T10:30:46+00:00\" \/>\n<meta name=\"twitter:label1\" content=\"Escrito por\">\n\t<meta name=\"twitter:data1\" content=\"@admin-codols\">\n<script type=\"application\/ld+json\" class=\"yoast-schema-graph\">{\"@context\":\"https:\/\/schema.org\",\"@graph\":[{\"@type\":\"WebSite\",\"@id\":\"https:\/\/elscodols.com\/#website\",\"url\":\"https:\/\/elscodols.com\/\",\"name\":\"Els C\\u00f2dols\",\"description\":\"Masies de lloguer - Costa brava - Comarca La selva\",\"potentialAction\":[{\"@type\":\"SearchAction\",\"target\":\"https:\/\/elscodols.com\/?s={search_term_string}\",\"query-input\":\"required name=search_term_string\"}],\"inLanguage\":\"es\"},{\"@type\":\"WebPage\",\"@id\":\"https:\/\/elscodols.com\/es\/quienes-somos\/#webpage\",\"url\":\"https:\/\/elscodols.com\/es\/quienes-somos\/\",\"name\":\"Els C\\u00f2dols -Empresa dedicada al alquiler de mas\\u00edas\",\"isPartOf\":{\"@id\":\"https:\/\/elscodols.com\/#website\"},\"datePublished\":\"2013-07-03T15:06:47+00:00\",\"dateModified\":\"2013-07-23T10:30:46+00:00\",\"description\":\"Somos una empresa familiar dedicada al alquiler de mas\\u00edas. Nuestra actividad se inici\\u00f3 en el a\\u00f1o 1985\",\"inLanguage\":\"es\",\"potentialAction\":[{\"@type\":\"ReadAction\",\"target\":[\"https:\/\/elscodols.com\/es\/quienes-somos\/\"]}]}]}<\/script>\n<!-- \/ Yoast SEO plugin. -->","_links":{"self":[{"href":"https:\/\/elscodols.com\/es\/wp-json\/wp\/v2\/pages\/403"}],"collection":[{"href":"https:\/\/elscodols.com\/es\/wp-json\/wp\/v2\/pages"}],"about":[{"href":"https:\/\/elscodols.com\/es\/wp-json\/wp\/v2\/types\/page"}],"author":[{"embeddable":true,"href":"https:\/\/elscodols.com\/es\/wp-json\/wp\/v2\/users\/1"}],"replies":[{"embeddable":true,"href":"https:\/\/elscodols.com\/es\/wp-json\/wp\/v2\/comments?post=403"}],"version-history":[{"count":7,"href":"https:\/\/elscodols.com\/es\/wp-json\/wp\/v2\/pages\/403\/revisions"}],"predecessor-version":[{"id":1255,"href":"https:\/\/elscodols.com\/es\/wp-json\/wp\/v2\/pages\/403\/revisions\/1255"}],"wp:attachment":[{"href":"https:\/\/elscodols.com\/es\/wp-json\/wp\/v2\/media?parent=403"}],"curies":[{"name":"wp","href":"https:\/\/api.w.org\/{rel}","templated":true}]}}