{"id":374,"date":"2013-07-03T14:22:46","date_gmt":"2013-07-03T14:22:46","guid":{"rendered":"https:\/\/elscodols.com\/?page_id=374"},"modified":"2013-07-11T13:55:32","modified_gmt":"2013-07-11T13:55:32","slug":"accueil-2","status":"publish","type":"page","link":"https:\/\/elscodols.com\/fr\/","title":{"rendered":"Accueil"},"content":{"rendered":"<div class=\"builder-title-wrapper clearfix\">\n<h3>Els C\u00f2dols<\/h3>\n<\/div>\n<p>Els C\u00f2dols vous offre des maisons de campagne \u00e0 louer tout au long de l&rsquo;ann\u00e9e. Ces g\u00eetes sont caract\u00e9ris\u00e9es par l\u2019emploi des pierres de rivi\u00e8re dans leur b\u00e2timent appel\u00e9es c\u00f2dols (en fran\u00e7ais, cailloux) : des fragments de roches dures de diff\u00e9rentes tailles, liss\u00e9es et arrondies par l&rsquo;action de l&rsquo;eau et du laminage.<\/p>\n<p>Nous avons restaur\u00e9 les g\u00eetes en gardant la structure et l&rsquo;esprit original utilis\u00e9s par nos anc\u00eatres ; et en m\u00eame temps nous avons adapt\u00e9 les maisons avec toutes les commodit\u00e9s pour la vie moderne.<\/p>\n<p>Vous pouvez jouir de la paix et la tranquillit\u00e9 du contact avec la nature.<\/p>\n","protected":false},"excerpt":{"rendered":"<p>Els C\u00f2dols Els C\u00f2dols vous offre des maisons de campagne \u00e0 louer tout au long de l&rsquo;ann\u00e9e. Ces g\u00eetes sont caract\u00e9ris\u00e9es par l\u2019emploi des pierres de rivi\u00e8re dans leur b\u00e2timent appel\u00e9es c\u00f2dols (en fran\u00e7ais, cailloux) : des fragments de roches dures de diff\u00e9rentes tailles, liss\u00e9es et arrondies par l&rsquo;action de l&rsquo;eau et du laminage. Nous avons restaur\u00e9 les g\u00eetes en gardant la structure et l&rsquo;esprit original utilis\u00e9s par nos anc\u00eatres&#8230;<\/p>\n","protected":false},"author":1,"featured_media":0,"parent":0,"menu_order":0,"comment_status":"closed","ping_status":"closed","template":"","meta":[],"yoast_head":"<!-- This site is optimized with the Yoast SEO plugin v15.4 - https:\/\/yoast.com\/wordpress\/plugins\/seo\/ -->\n<title>location de g\u00eetes - Els C\u00f2dols<\/title>\n<meta name=\"description\" content=\"Nous sommes une soci\u00e9t\u00e9 familiale sp\u00e9cialis\u00e9e dans la location de g\u00eetes.Els C\u00f2dols vous offre des maisons de campagne \u00e0 louer tout au long de l&#039;ann\u00e9e\" \/>\n<meta name=\"robots\" content=\"index, follow, max-snippet:-1, max-image-preview:large, max-video-preview:-1\" \/>\n<link rel=\"canonical\" href=\"https:\/\/elscodols.com\/fr\/\" \/>\n<meta property=\"og:locale\" content=\"fr_FR\" \/>\n<meta property=\"og:type\" content=\"article\" \/>\n<meta property=\"og:title\" content=\"location de g\u00eetes - Els C\u00f2dols\" \/>\n<meta property=\"og:description\" content=\"Nous sommes une soci\u00e9t\u00e9 familiale sp\u00e9cialis\u00e9e dans la location de g\u00eetes.Els C\u00f2dols vous offre des maisons de campagne \u00e0 louer tout au long de l&#039;ann\u00e9e\" \/>\n<meta property=\"og:url\" content=\"https:\/\/elscodols.com\/fr\/\" \/>\n<meta property=\"og:site_name\" content=\"Els C\u00f2dols\" \/>\n<meta property=\"article:modified_time\" content=\"2013-07-11T13:55:32+00:00\" \/>\n<meta name=\"twitter:label1\" content=\"\u00c9crit par\">\n\t<meta name=\"twitter:data1\" content=\"@admin-codols\">\n\t<meta name=\"twitter:label2\" content=\"Dur\u00e9e de lecture est.\">\n\t<meta name=\"twitter:data2\" content=\"0 minute\">\n<script type=\"application\/ld+json\" class=\"yoast-schema-graph\">{\"@context\":\"https:\/\/schema.org\",\"@graph\":[{\"@type\":\"WebSite\",\"@id\":\"https:\/\/elscodols.com\/#website\",\"url\":\"https:\/\/elscodols.com\/\",\"name\":\"Els C\\u00f2dols\",\"description\":\"Masies de lloguer - Costa brava - Comarca La selva\",\"potentialAction\":[{\"@type\":\"SearchAction\",\"target\":\"https:\/\/elscodols.com\/?s={search_term_string}\",\"query-input\":\"required name=search_term_string\"}],\"inLanguage\":\"fr-FR\"},{\"@type\":\"WebPage\",\"@id\":\"https:\/\/elscodols.com\/fr\/#webpage\",\"url\":\"https:\/\/elscodols.com\/fr\/\",\"name\":\"location de g\\u00eetes - Els C\\u00f2dols\",\"isPartOf\":{\"@id\":\"https:\/\/elscodols.com\/#website\"},\"datePublished\":\"2013-07-03T14:22:46+00:00\",\"dateModified\":\"2013-07-11T13:55:32+00:00\",\"description\":\"Nous sommes une soci\\u00e9t\\u00e9 familiale sp\\u00e9cialis\\u00e9e dans la location de g\\u00eetes.Els C\\u00f2dols vous offre des maisons de campagne \\u00e0 louer tout au long de l'ann\\u00e9e\",\"inLanguage\":\"fr-FR\",\"potentialAction\":[{\"@type\":\"ReadAction\",\"target\":[\"https:\/\/elscodols.com\/fr\/\"]}]}]}<\/script>\n<!-- \/ Yoast SEO plugin. -->","_links":{"self":[{"href":"https:\/\/elscodols.com\/fr\/wp-json\/wp\/v2\/pages\/374"}],"collection":[{"href":"https:\/\/elscodols.com\/fr\/wp-json\/wp\/v2\/pages"}],"about":[{"href":"https:\/\/elscodols.com\/fr\/wp-json\/wp\/v2\/types\/page"}],"author":[{"embeddable":true,"href":"https:\/\/elscodols.com\/fr\/wp-json\/wp\/v2\/users\/1"}],"replies":[{"embeddable":true,"href":"https:\/\/elscodols.com\/fr\/wp-json\/wp\/v2\/comments?post=374"}],"version-history":[{"count":4,"href":"https:\/\/elscodols.com\/fr\/wp-json\/wp\/v2\/pages\/374\/revisions"}],"predecessor-version":[{"id":1212,"href":"https:\/\/elscodols.com\/fr\/wp-json\/wp\/v2\/pages\/374\/revisions\/1212"}],"wp:attachment":[{"href":"https:\/\/elscodols.com\/fr\/wp-json\/wp\/v2\/media?parent=374"}],"curies":[{"name":"wp","href":"https:\/\/api.w.org\/{rel}","templated":true}]}}