{"id":761,"date":"2013-07-04T16:08:08","date_gmt":"2013-07-04T16:08:08","guid":{"rendered":"https:\/\/elscodols.com\/?page_id=761"},"modified":"2013-07-11T14:16:23","modified_gmt":"2013-07-11T14:16:23","slug":"nous-sommes","status":"publish","type":"page","link":"https:\/\/elscodols.com\/fr\/nous-sommes\/","title":{"rendered":"Nous sommes"},"content":{"rendered":"","protected":false},"excerpt":{"rendered":"","protected":false},"author":1,"featured_media":0,"parent":0,"menu_order":0,"comment_status":"open","ping_status":"open","template":"","meta":[],"yoast_head":"<!-- This site is optimized with the Yoast SEO plugin v15.4 - https:\/\/yoast.com\/wordpress\/plugins\/seo\/ -->\n<title>Nous sommes - Els C\u00f2dols<\/title>\n<meta name=\"description\" content=\"Nous sommes une soci\u00e9t\u00e9 familiale sp\u00e9cialis\u00e9e dans la location de g\u00eetes\" \/>\n<meta name=\"robots\" content=\"index, follow, max-snippet:-1, max-image-preview:large, max-video-preview:-1\" \/>\n<link rel=\"canonical\" href=\"https:\/\/elscodols.com\/fr\/nous-sommes\/\" \/>\n<meta property=\"og:locale\" content=\"fr_FR\" \/>\n<meta property=\"og:type\" content=\"article\" \/>\n<meta property=\"og:title\" content=\"Nous sommes - Els C\u00f2dols\" \/>\n<meta property=\"og:description\" content=\"Nous sommes une soci\u00e9t\u00e9 familiale sp\u00e9cialis\u00e9e dans la location de g\u00eetes\" \/>\n<meta property=\"og:url\" content=\"https:\/\/elscodols.com\/fr\/nous-sommes\/\" \/>\n<meta property=\"og:site_name\" content=\"Els C\u00f2dols\" \/>\n<meta property=\"article:modified_time\" content=\"2013-07-11T14:16:23+00:00\" \/>\n<meta name=\"twitter:label1\" content=\"\u00c9crit par\">\n\t<meta name=\"twitter:data1\" content=\"@admin-codols\">\n<script type=\"application\/ld+json\" class=\"yoast-schema-graph\">{\"@context\":\"https:\/\/schema.org\",\"@graph\":[{\"@type\":\"WebSite\",\"@id\":\"https:\/\/elscodols.com\/#website\",\"url\":\"https:\/\/elscodols.com\/\",\"name\":\"Els C\\u00f2dols\",\"description\":\"Masies de lloguer - Costa brava - Comarca La selva\",\"potentialAction\":[{\"@type\":\"SearchAction\",\"target\":\"https:\/\/elscodols.com\/?s={search_term_string}\",\"query-input\":\"required name=search_term_string\"}],\"inLanguage\":\"fr-FR\"},{\"@type\":\"WebPage\",\"@id\":\"https:\/\/elscodols.com\/fr\/nous-sommes\/#webpage\",\"url\":\"https:\/\/elscodols.com\/fr\/nous-sommes\/\",\"name\":\"Nous sommes - Els C\\u00f2dols\",\"isPartOf\":{\"@id\":\"https:\/\/elscodols.com\/#website\"},\"datePublished\":\"2013-07-04T16:08:08+00:00\",\"dateModified\":\"2013-07-11T14:16:23+00:00\",\"description\":\"Nous sommes une soci\\u00e9t\\u00e9 familiale sp\\u00e9cialis\\u00e9e dans la location de g\\u00eetes\",\"inLanguage\":\"fr-FR\",\"potentialAction\":[{\"@type\":\"ReadAction\",\"target\":[\"https:\/\/elscodols.com\/fr\/nous-sommes\/\"]}]}]}<\/script>\n<!-- \/ Yoast SEO plugin. -->","_links":{"self":[{"href":"https:\/\/elscodols.com\/fr\/wp-json\/wp\/v2\/pages\/761"}],"collection":[{"href":"https:\/\/elscodols.com\/fr\/wp-json\/wp\/v2\/pages"}],"about":[{"href":"https:\/\/elscodols.com\/fr\/wp-json\/wp\/v2\/types\/page"}],"author":[{"embeddable":true,"href":"https:\/\/elscodols.com\/fr\/wp-json\/wp\/v2\/users\/1"}],"replies":[{"embeddable":true,"href":"https:\/\/elscodols.com\/fr\/wp-json\/wp\/v2\/comments?post=761"}],"version-history":[{"count":3,"href":"https:\/\/elscodols.com\/fr\/wp-json\/wp\/v2\/pages\/761\/revisions"}],"predecessor-version":[{"id":1218,"href":"https:\/\/elscodols.com\/fr\/wp-json\/wp\/v2\/pages\/761\/revisions\/1218"}],"wp:attachment":[{"href":"https:\/\/elscodols.com\/fr\/wp-json\/wp\/v2\/media?parent=761"}],"curies":[{"name":"wp","href":"https:\/\/api.w.org\/{rel}","templated":true}]}}